{"id":6,"date":"2023-07-06T15:14:00","date_gmt":"2023-07-06T13:14:00","guid":{"rendered":"https:\/\/www.istitutodelchiese.it\/mad\/?page_id=6"},"modified":"2023-07-21T11:10:51","modified_gmt":"2023-07-21T09:10:51","slug":"home-page-mad","status":"publish","type":"page","link":"https:\/\/www.istitutodelchiese.it\/mad\/","title":{"rendered":"Home page MAD"},"content":{"rendered":"<p>Il servizio MAD \u00e8 chiuso, sar\u00e0 nuovamente aperto luned\u00ec 6 luglio 2026<\/p>\n<style><\/style>\n<p>&nbsp;<\/p>\n<p>&nbsp;<br \/>\n<!--\n\n<p style=\"text-align: center;font-size:16px;\"><a href=\"https:\/\/www.istitutodelchiese.it\/mad\/wp-content\/uploads\/sites\/3\/2023\/07\/Det.-n.-62-dd.-20.07.2023-Termini-e-modalita-per-la-presentazione-delle-domande-di-MAD-2.pdf\">Determina n. 62 - Termini e modalit\u00e0 per la presentazione delle domande di messa a disposizione per assunzioni \u201cfuori graduatoria\u201d e criteri per la loro comparazione - a.s. 2023-24.<\/a><\/p>\n\n--><\/p>\n","protected":false},"excerpt":{"rendered":"<p>&nbsp; &nbsp;<\/p>\n","protected":false},"author":1,"featured_media":0,"parent":0,"menu_order":0,"comment_status":"closed","ping_status":"closed","template":"front-page.php","meta":[],"class_list":["post-6","page","type-page","status-publish","hentry","odd"],"yoast_head":"<!-- This site is optimized with the Yoast SEO plugin v27.5 - https:\/\/yoast.com\/product\/yoast-seo-wordpress\/ -->\n<title>Home page MAD - MAD Istituto del Chiese<\/title>\n<meta name=\"robots\" content=\"noindex, follow, max-snippet:-1, max-image-preview:large, max-video-preview:-1\" \/>\n<meta property=\"og:locale\" content=\"it_IT\" \/>\n<meta property=\"og:type\" content=\"article\" \/>\n<meta property=\"og:title\" content=\"Home page MAD - MAD Istituto del Chiese\" \/>\n<meta property=\"og:description\" content=\"&nbsp; &nbsp;\" \/>\n<meta property=\"og:url\" content=\"https:\/\/www.istitutodelchiese.it\/mad\/\" \/>\n<meta property=\"og:site_name\" content=\"MAD Istituto del Chiese\" \/>\n<meta property=\"article:modified_time\" content=\"2023-07-21T09:10:51+00:00\" \/>\n<meta name=\"twitter:card\" content=\"summary_large_image\" \/>\n<meta name=\"twitter:label1\" content=\"Tempo di lettura stimato\" \/>\n\t<meta name=\"twitter:data1\" content=\"1 minuto\" \/>\n<script type=\"application\/ld+json\" class=\"yoast-schema-graph\">{\"@context\":\"https:\\\/\\\/schema.org\",\"@graph\":[{\"@type\":\"WebPage\",\"@id\":\"https:\\\/\\\/www.istitutodelchiese.it\\\/mad\\\/\",\"url\":\"https:\\\/\\\/www.istitutodelchiese.it\\\/mad\\\/\",\"name\":\"Home page MAD - MAD Istituto del Chiese\",\"isPartOf\":{\"@id\":\"https:\\\/\\\/www.istitutodelchiese.it\\\/mad\\\/#website\"},\"datePublished\":\"2023-07-06T13:14:00+00:00\",\"dateModified\":\"2023-07-21T09:10:51+00:00\",\"breadcrumb\":{\"@id\":\"https:\\\/\\\/www.istitutodelchiese.it\\\/mad\\\/#breadcrumb\"},\"inLanguage\":\"it-IT\",\"potentialAction\":[{\"@type\":\"ReadAction\",\"target\":[\"https:\\\/\\\/www.istitutodelchiese.it\\\/mad\\\/\"]}]},{\"@type\":\"BreadcrumbList\",\"@id\":\"https:\\\/\\\/www.istitutodelchiese.it\\\/mad\\\/#breadcrumb\",\"itemListElement\":[{\"@type\":\"ListItem\",\"position\":1,\"name\":\"Home\",\"item\":\"https:\\\/\\\/www.istitutodelchiese.it\\\/#utm_source=mad&utm_medium=website&utm_campaign=mad\"},{\"@type\":\"ListItem\",\"position\":2,\"name\":\"MAD\",\"item\":\"https:\\\/\\\/www.istitutodelchiese.it\\\/mad\\\/\"},{\"@type\":\"ListItem\",\"position\":3,\"name\":\"Home page MAD\"}]},{\"@type\":\"WebSite\",\"@id\":\"https:\\\/\\\/www.istitutodelchiese.it\\\/mad\\\/#website\",\"url\":\"https:\\\/\\\/www.istitutodelchiese.it\\\/mad\\\/\",\"name\":\"MAD Istituto del Chiese\",\"description\":\"\",\"potentialAction\":[{\"@type\":\"SearchAction\",\"target\":{\"@type\":\"EntryPoint\",\"urlTemplate\":\"https:\\\/\\\/www.istitutodelchiese.it\\\/mad\\\/?s={search_term_string}\"},\"query-input\":{\"@type\":\"PropertyValueSpecification\",\"valueRequired\":true,\"valueName\":\"search_term_string\"}}],\"inLanguage\":\"it-IT\"}]}<\/script>\n<!-- \/ Yoast SEO plugin. -->","yoast_head_json":{"title":"Home page MAD - MAD Istituto del Chiese","robots":{"index":"noindex","follow":"follow","max-snippet":"max-snippet:-1","max-image-preview":"max-image-preview:large","max-video-preview":"max-video-preview:-1"},"og_locale":"it_IT","og_type":"article","og_title":"Home page MAD - MAD Istituto del Chiese","og_description":"&nbsp; &nbsp;","og_url":"https:\/\/www.istitutodelchiese.it\/mad\/","og_site_name":"MAD Istituto del Chiese","article_modified_time":"2023-07-21T09:10:51+00:00","twitter_card":"summary_large_image","twitter_misc":{"Tempo di lettura stimato":"1 minuto"},"schema":{"@context":"https:\/\/schema.org","@graph":[{"@type":"WebPage","@id":"https:\/\/www.istitutodelchiese.it\/mad\/","url":"https:\/\/www.istitutodelchiese.it\/mad\/","name":"Home page MAD - MAD Istituto del Chiese","isPartOf":{"@id":"https:\/\/www.istitutodelchiese.it\/mad\/#website"},"datePublished":"2023-07-06T13:14:00+00:00","dateModified":"2023-07-21T09:10:51+00:00","breadcrumb":{"@id":"https:\/\/www.istitutodelchiese.it\/mad\/#breadcrumb"},"inLanguage":"it-IT","potentialAction":[{"@type":"ReadAction","target":["https:\/\/www.istitutodelchiese.it\/mad\/"]}]},{"@type":"BreadcrumbList","@id":"https:\/\/www.istitutodelchiese.it\/mad\/#breadcrumb","itemListElement":[{"@type":"ListItem","position":1,"name":"Home","item":"https:\/\/www.istitutodelchiese.it\/#utm_source=mad&utm_medium=website&utm_campaign=mad"},{"@type":"ListItem","position":2,"name":"MAD","item":"https:\/\/www.istitutodelchiese.it\/mad\/"},{"@type":"ListItem","position":3,"name":"Home page MAD"}]},{"@type":"WebSite","@id":"https:\/\/www.istitutodelchiese.it\/mad\/#website","url":"https:\/\/www.istitutodelchiese.it\/mad\/","name":"MAD Istituto del Chiese","description":"","potentialAction":[{"@type":"SearchAction","target":{"@type":"EntryPoint","urlTemplate":"https:\/\/www.istitutodelchiese.it\/mad\/?s={search_term_string}"},"query-input":{"@type":"PropertyValueSpecification","valueRequired":true,"valueName":"search_term_string"}}],"inLanguage":"it-IT"}]}},"_links":{"self":[{"href":"https:\/\/www.istitutodelchiese.it\/mad\/wp-json\/wp\/v2\/pages\/6","targetHints":{"allow":["GET"]}}],"collection":[{"href":"https:\/\/www.istitutodelchiese.it\/mad\/wp-json\/wp\/v2\/pages"}],"about":[{"href":"https:\/\/www.istitutodelchiese.it\/mad\/wp-json\/wp\/v2\/types\/page"}],"author":[{"embeddable":true,"href":"https:\/\/www.istitutodelchiese.it\/mad\/wp-json\/wp\/v2\/users\/1"}],"replies":[{"embeddable":true,"href":"https:\/\/www.istitutodelchiese.it\/mad\/wp-json\/wp\/v2\/comments?post=6"}],"version-history":[{"count":13,"href":"https:\/\/www.istitutodelchiese.it\/mad\/wp-json\/wp\/v2\/pages\/6\/revisions"}],"predecessor-version":[{"id":165,"href":"https:\/\/www.istitutodelchiese.it\/mad\/wp-json\/wp\/v2\/pages\/6\/revisions\/165"}],"wp:attachment":[{"href":"https:\/\/www.istitutodelchiese.it\/mad\/wp-json\/wp\/v2\/media?parent=6"}],"curies":[{"name":"wp","href":"https:\/\/api.w.org\/{rel}","templated":true}]}}